{"id":3106,"date":"2024-02-14T16:36:29","date_gmt":"2024-02-14T16:36:29","guid":{"rendered":"https:\/\/hotel-city-residence.de\/?page_id=3106"},"modified":"2024-03-01T08:42:07","modified_gmt":"2024-03-01T07:42:07","slug":"reservierung","status":"publish","type":"page","link":"https:\/\/hotel-city-residence.de\/en\/reservierung\/","title":{"rendered":"Reservation"},"content":{"rendered":"<div data-elementor-type=\"wp-page\" data-elementor-id=\"3106\" class=\"elementor elementor-3106\">\n\t\t\t\t<div class=\"elementor-element elementor-element-1972c82 e-flex e-con-boxed e-con e-parent\" data-id=\"1972c82\" data-element_type=\"container\" data-settings=\"{&quot;jet_parallax_layout_list&quot;:[]}\">\n\t\t\t\t\t<div class=\"e-con-inner\">\n\t\t\t\t<div class=\"elementor-element elementor-element-6004601 elementor-widget elementor-widget-heading\" data-id=\"6004601\" data-element_type=\"widget\" data-widget_type=\"heading.default\">\n\t\t\t\t<div class=\"elementor-widget-container\">\n\t\t\t\t\t<h3 class=\"elementor-heading-title elementor-size-default\">Reservierungsanfrage im City Residence Hotel Frankfurt-Oder<\/h3>\t\t\t\t<\/div>\n\t\t\t\t<\/div>\n\t\t\t\t<div class=\"elementor-element elementor-element-f4c8f89 elementor-widget elementor-widget-text-editor\" data-id=\"f4c8f89\" data-element_type=\"widget\" data-widget_type=\"text-editor.default\">\n\t\t\t\t<div class=\"elementor-widget-container\">\n\t\t\t\t\t\t\t\t\t<p><strong>Sehr geehrte G\u00e4ste,<\/strong><\/p>\n\n\t\t\t\t\t\t\t\t<\/div>\n\t\t\t\t<\/div>\n\t\t\t\t<div class=\"elementor-element elementor-element-8a66239 elementor-widget elementor-widget-text-editor\" data-id=\"8a66239\" data-element_type=\"widget\" data-widget_type=\"text-editor.default\">\n\t\t\t\t<div class=\"elementor-widget-container\">\n\t\t\t\t\t\t\t\t\tunsere Preise sind dynamische Preise und variieren je nach Auslastung.\n\t\t\t\t\t\t\t\t<\/div>\n\t\t\t\t<\/div>\n\t\t\t\t<div class=\"elementor-element elementor-element-3ebb7aa elementor-widget elementor-widget-text-editor\" data-id=\"3ebb7aa\" data-element_type=\"widget\" data-widget_type=\"text-editor.default\">\n\t\t\t\t<div class=\"elementor-widget-container\">\n\t\t\t\t\t\t\t\t\tGerne erstellen wir Ihnen ein Buchungsangebot, mit dem gew\u00fcnschten Reisezeitraum, Zimmerkategorie, Arrangements usw.\nSollte die von Ihnen gew\u00e4hlte Zimmerkategorie im gew\u00e4hlten Reisezeitraum nicht mehr verf\u00fcgbar sein, erhalten Sie von uns automatisch ein Buchungsangebot in der n\u00e4chst h\u00f6heren Zimmerkategorie.\n\n\t\t\t\t\t\t\t\t<\/div>\n\t\t\t\t<\/div>\n\t\t\t\t<div class=\"elementor-element elementor-element-9e03127 elementor-widget elementor-widget-text-editor\" data-id=\"9e03127\" data-element_type=\"widget\" data-widget_type=\"text-editor.default\">\n\t\t\t\t<div class=\"elementor-widget-container\">\n\t\t\t\t\t\t\t\t\t<p>Um Wartezeiten beim Check-In\/Check-Out zu vermeiden, f\u00fcllen Sie bitte alle Felder aus.<br \/>G\u00e4ste, die im Firmenauftrag reisen und einen abweichenden Rechnungsempf\u00e4nger ausgewiesen haben m\u00fcssen, bitten wir uns im Freitextfeld unten, den Firmenname ggf. die Kostenstelle und die Firmenanschrift vorab mitzuteilen.<\/p>\t\t\t\t\t\t\t\t<\/div>\n\t\t\t\t<\/div>\n\t\t\t\t\t<\/div>\n\t\t\t\t<\/div>\n\t\t<div class=\"elementor-element elementor-element-6d2301c e-flex e-con-boxed e-con e-parent\" data-id=\"6d2301c\" data-element_type=\"container\" data-settings=\"{&quot;jet_parallax_layout_list&quot;:[]}\">\n\t\t\t\t\t<div class=\"e-con-inner\">\n\t\t\t\t<div class=\"elementor-element elementor-element-cd69fac elementor-widget elementor-widget-shortcode\" data-id=\"cd69fac\" data-element_type=\"widget\" data-widget_type=\"shortcode.default\">\n\t\t\t\t<div class=\"elementor-widget-container\">\n\t\t\t\t\t\t\t<div class=\"elementor-shortcode\">\n<div class=\"wpcf7 no-js\" id=\"wpcf7-f4963-o1\" lang=\"en-US\" dir=\"ltr\" data-wpcf7-id=\"4963\">\n<div class=\"screen-reader-response\"><p role=\"status\" aria-live=\"polite\" aria-atomic=\"true\"><\/p> <ul><\/ul><\/div>\n<form action=\"\/en\/wp-json\/wp\/v2\/pages\/3106#wpcf7-f4963-o1\" method=\"post\" class=\"wpcf7-form init\" aria-label=\"Contact form\" novalidate=\"novalidate\" data-status=\"init\" data-trp-original-action=\"\/en\/wp-json\/wp\/v2\/pages\/3106#wpcf7-f4963-o1\">\n<fieldset class=\"hidden-fields-container\"><input type=\"hidden\" name=\"_wpcf7\" value=\"4963\" \/><input type=\"hidden\" name=\"_wpcf7_version\" value=\"6.1.3\" \/><input type=\"hidden\" name=\"_wpcf7_locale\" value=\"en_US\" \/><input type=\"hidden\" name=\"_wpcf7_unit_tag\" value=\"wpcf7-f4963-o1\" \/><input type=\"hidden\" name=\"_wpcf7_container_post\" value=\"0\" \/><input type=\"hidden\" name=\"_wpcf7_posted_data_hash\" value=\"\" \/>\n<\/fieldset>\n<div class=\"cf-col-12\">\n\t<p><strong>Personal Information<\/strong>\n\t<\/p>\n<\/div>\n<div class=\"cf-container\">\n\t<div style=\"margin-bottom: 35px;\" class=\"cf-col-6\">\n\t\t<p><label aria-label=\"Name\"><span class=\"wpcf7-form-control-wrap\" data-name=\"vorname\"><input size=\"40\" maxlength=\"400\" class=\"wpcf7-form-control wpcf7-text\" aria-invalid=\"false\" placeholder=\"First Name\" value=\"\" type=\"text\" name=\"vorname\" \/><\/span><\/label>\n\t\t<\/p>\n\t<\/div>\n\t<div style=\"margin-bottom: 35px;\" class=\"cf-col-6\">\n\t\t<p><label aria-label=\"Name\"><span class=\"wpcf7-form-control-wrap\" data-name=\"nachname\"><input size=\"40\" maxlength=\"400\" class=\"wpcf7-form-control wpcf7-text\" aria-invalid=\"false\" placeholder=\"Last Name\" value=\"\" type=\"text\" name=\"nachname\" \/><\/span><\/label>\n\t\t<\/p>\n\t<\/div>\n\t<div style=\"margin-bottom: 35px;\" class=\"cf-col-12\">\n\t\t<p><span class=\"wpcf7-form-control-wrap\" data-name=\"your-subject\"><input size=\"40\" maxlength=\"400\" class=\"wpcf7-form-control wpcf7-text wpcf7-validates-as-required\" aria-required=\"true\" aria-invalid=\"false\" placeholder=\"Thema\" value=\"\" type=\"text\" name=\"your-subject\" \/><\/span>\n\t\t<\/p>\n\t<\/div>\n\t<div style=\"margin-bottom: 35px;\" class=\"cf-col-6\">\n\t\t<p><label aria-label=\"email\"><span class=\"wpcf7-form-control-wrap\" data-name=\"your-email\"><input size=\"40\" maxlength=\"400\" class=\"wpcf7-form-control wpcf7-email wpcf7-validates-as-required wpcf7-text wpcf7-validates-as-email\" autocomplete=\"email\" aria-required=\"true\" aria-invalid=\"false\" placeholder=\"Email Address\" value=\"\" type=\"email\" name=\"your-email\" \/><\/span><\/label>\n\t\t<\/p>\n\t<\/div>\n\t<div style=\"margin-bottom: 35px;\" class=\"cf-col-6\">\n\t\t<p><label aria-label=\"Phone\"><span class=\"wpcf7-form-control-wrap\" data-name=\"tel-215\"><input size=\"40\" maxlength=\"400\" class=\"wpcf7-form-control wpcf7-tel wpcf7-text wpcf7-validates-as-tel\" aria-invalid=\"false\" placeholder=\"Telephone Number\" value=\"\" type=\"tel\" name=\"tel-215\" \/><\/span><\/label>\n\t\t<\/p>\n\t<\/div>\n\t<div class=\"cf-col-12\">\n\t\t<p><strong>Address<\/strong>\n\t\t<\/p>\n\t<\/div>\n\t<div style=\"margin-bottom: 35px;\" class=\"cf-col-6\">\n\t\t<p><label aria-label=\"Name\"><span class=\"wpcf7-form-control-wrap\" data-name=\"plz\"><input class=\"wpcf7-form-control wpcf7-number wpcf7-validates-as-number\" min=\"1000\" max=\"99999\" aria-invalid=\"false\" placeholder=\"Postal Code\" value=\"\" type=\"number\" name=\"plz\" \/><\/span><\/label>\n\t\t<\/p>\n\t<\/div>\n\t<div style=\"margin-bottom: 35px;\" class=\"cf-col-6\">\n\t\t<p><label aria-label=\"Phone\"><span class=\"wpcf7-form-control-wrap\" data-name=\"ort\"><input size=\"40\" maxlength=\"400\" class=\"wpcf7-form-control wpcf7-text\" aria-invalid=\"false\" placeholder=\"Location\" value=\"\" type=\"text\" name=\"ort\" \/><\/span><\/label>\n\t\t<\/p>\n\t<\/div>\n\t<div style=\"margin-bottom: 35px;\" class=\"cf-col-6\">\n\t\t<p><label aria-label=\"Name\"><span class=\"wpcf7-form-control-wrap\" data-name=\"strasse\"><input size=\"40\" maxlength=\"400\" class=\"wpcf7-form-control wpcf7-text\" aria-invalid=\"false\" placeholder=\"Street\" value=\"\" type=\"text\" name=\"strasse\" \/><\/span><\/label>\n\t\t<\/p>\n\t<\/div>\n\t<div style=\"margin-bottom: 35px;\" class=\"cf-col-6\">\n\t\t<p><label aria-label=\"Phone\"><span class=\"wpcf7-form-control-wrap\" data-name=\"hausnr\"><input class=\"wpcf7-form-control wpcf7-number wpcf7-validates-as-number\" min=\"1\" max=\"999\" aria-invalid=\"false\" placeholder=\"House number\" value=\"\" type=\"number\" name=\"hausnr\" \/><\/span><\/label>\n\t\t<\/p>\n\t<\/div>\n\t<div class=\"cf-col-12\">\n\t\t<p><strong>Booking Details<\/strong>\n\t\t<\/p>\n\t<\/div>\n\t<div style=\"margin-bottom: 35px;\" class=\"cf-col-6\">\n\t\t<p><label aria-label=\"Name\">Number of Adults<br \/>\n<span class=\"wpcf7-form-control-wrap\" data-name=\"erwachsene\"><select class=\"wpcf7-form-control wpcf7-select wpcf7-validates-as-required\" aria-required=\"true\" aria-invalid=\"false\" name=\"erwachsene\"><option value=\"1\">1<\/option><option value=\"2\">2<\/option><option value=\"3\">3<\/option><option value=\"4\">4<\/option><\/select><\/span><\/label>\n\t\t<\/p>\n\t<\/div>\n\t<div style=\"margin-bottom: 35px;\" class=\"cf-col-6\">\n\t\t<p><label aria-label=\"Phone\">Room Type<br \/>\n<span class=\"wpcf7-form-control-wrap\" data-name=\"wohnung\"><select class=\"wpcf7-form-control wpcf7-select wpcf7-validates-as-required\" aria-required=\"true\" aria-invalid=\"false\" name=\"wohnung\"><option value=\"Einzelzimmer Standard - ab 65,00 \u20ac\">Einzelzimmer Standard - ab 65,00 \u20ac<\/option><option value=\"Einzelzimmer Komfort - ab 70,00 \u20ac\">Einzelzimmer Komfort - ab 70,00 \u20ac<\/option><option value=\"Doppelzimmer Standard\/Twin-Bed-Zimmer - ab 85,00 \u20ac\">Doppelzimmer Standard\/Twin-Bed-Zimmer - ab 85,00 \u20ac<\/option><option value=\"Doppelzimmer Komfort - 95,00 \u20ac\">Doppelzimmer Komfort - 95,00 \u20ac<\/option><option value=\"Suite (2 Pers.) o. K\u00fcche - 130,00 \u20ac\">Suite (2 pers.) or Kitchen - \u20ac130.00<\/option><option value=\"Suite (2 Pers.) m. K\u00fcche - 150,00 \u20ac\">Suite (2 pers.) with Kitchen - \u20ac150.00<\/option><option value=\"Appartement f\u00fcr 4 Pers. - 160,00 \u20ac\">Apartment for 4 people - \u20ac160.00<\/option><\/select><\/span><\/label>\n\t\t<\/p>\n\t<\/div>\n\t<div style=\"margin-bottom: 35px;\" class=\"cf-col-6\">\n\t\t<p><label aria-label=\"Name\">Number of Rooms<br \/>\n<span class=\"wpcf7-form-control-wrap\" data-name=\"zimmeranzahl\"><select class=\"wpcf7-form-control wpcf7-select wpcf7-validates-as-required\" aria-required=\"true\" aria-invalid=\"false\" name=\"zimmeranzahl\"><option value=\"1 Zimmer\">1 Room<\/option><option value=\"2 Zimmer\">2 Rooms<\/option><option value=\"3 Zimmer\">3 Rooms<\/option><option value=\"4 Zimmer\">4 Rooms<\/option><option value=\"5 Zimmer\">5 Rooms<\/option><\/select><\/span><\/label>\n\t\t<\/p>\n\t<\/div>\n\t<div style=\"margin-bottom: 35px;\" class=\"cf-col-6\">\n\t\t<p><label aria-label=\"Phone\">Pets available?<br \/>\n<span class=\"wpcf7-form-control-wrap\" data-name=\"haustiere\"><select class=\"wpcf7-form-control wpcf7-select wpcf7-validates-as-required\" aria-required=\"true\" aria-invalid=\"false\" name=\"haustiere\"><option value=\"nein\">No<\/option><option value=\"ja (+ 15,00 \u20ac p. Tier \/ Nacht)\">yes (+ \u20ac15.00 per animal\/night)<\/option><\/select><\/span><\/label>\n\t\t<\/p>\n\t<\/div>\n\t<div style=\"margin-bottom: 35px;\" class=\"cf-col-6\">\n\t\t<p><label aria-label=\"Name\">Would you like breakfast?<br \/>\n<span class=\"wpcf7-form-control-wrap\" data-name=\"fruehstueck\"><select class=\"wpcf7-form-control wpcf7-select wpcf7-validates-as-required\" aria-required=\"true\" aria-invalid=\"false\" name=\"fruehstueck\"><option value=\"nein\">No<\/option><option value=\"ja (+ 16,50 \u20ac p. Pers. \/ Tag)\">ja (+ 16,50 \u20ac p. Pers. \/ Tag)<\/option><\/select><\/span><\/label>\n\t\t<\/p>\n\t<\/div>\n\t<div style=\"margin-bottom: 35px;\" class=\"cf-col-6\">\n\t\t<p><label aria-label=\"Phone\">Want an extra bed?<br \/>\n<span class=\"wpcf7-form-control-wrap\" data-name=\"aufbettung\"><select class=\"wpcf7-form-control wpcf7-select wpcf7-validates-as-required\" aria-required=\"true\" aria-invalid=\"false\" name=\"aufbettung\"><option value=\"nein\">No<\/option><option value=\"Aufbettung 1 Pers. (+ 35,00 \u20ac \/ Nacht)\">Aufbettung 1 Pers. (+ 35,00 \u20ac \/ Nacht)<\/option><\/select><\/span><\/label>\n\t\t<\/p>\n\t<\/div>\n\t<div class=\"cf-col-12\">\n\t\t<p><strong>Travel Period<\/strong>\n\t\t<\/p>\n\t<\/div>\n\t<div style=\"margin-bottom: 35px;\" class=\"cf-col-6\">\n\t\t<p><label aria-label=\"Name\">From<br \/>\n<span class=\"wpcf7-form-control-wrap\" data-name=\"anreise\"><input class=\"wpcf7-form-control wpcf7-date wpcf7-validates-as-required wpcf7-validates-as-date required\" min=\"2026-04-25\" aria-required=\"true\" aria-invalid=\"false\" value=\"Anreise\" type=\"date\" name=\"anreise\" \/><\/span><\/label>\n\t\t<\/p>\n\t<\/div>\n\t<div style=\"margin-bottom: 35px;\" class=\"cf-col-6\">\n\t\t<p><label aria-label=\"Phone\">Until<br \/>\n<span class=\"wpcf7-form-control-wrap\" data-name=\"abreise\"><input class=\"wpcf7-form-control wpcf7-date wpcf7-validates-as-required wpcf7-validates-as-date required\" min=\"2026-04-26\" aria-required=\"true\" aria-invalid=\"false\" value=\"Abreise\" type=\"date\" name=\"abreise\" \/><\/span><\/label>\n\t\t<\/p>\n\t<\/div>\n\t<p><span class=\"wpcf7-form-control-wrap\" data-name=\"acceptance-60\"><span class=\"wpcf7-form-control wpcf7-acceptance\"><span class=\"wpcf7-list-item\"><label><input type=\"checkbox\" name=\"acceptance-60\" value=\"1\" aria-invalid=\"false\" \/><span class=\"wpcf7-list-item-label\">I have read the Privacy Policy note. I agree that my details and data will be collected and stored electronically to answer my request. Note: You can revoke your consent at any time for the future by sending an email to info@hotel-city-residence.de. <a href=\"\/datenschutz\">Data protection<\/a>.<\/span><\/label><\/span><\/span><\/span>\n\t<\/p>\n\t<div class=\"cf-col-12\">\n\t\t<p style=\"margin-bottom: 35px;\"><label aria-label=\"Notes\"><span class=\"wpcf7-form-control-wrap\" data-name=\"your-message\"><textarea cols=\"40\" rows=\"10\" maxlength=\"2000\" class=\"wpcf7-form-control wpcf7-textarea\" aria-invalid=\"false\" placeholder=\"Ihre Nachricht, Firmenanschrift usw\" name=\"your-message\"><\/textarea><\/span><\/label>\n\t\t<\/p>\n\t<\/div>\n\t<div class=\"cf-col-12\">\n\t\t<p><p><span class=\"wpcf7-form-control-wrap\"><input type=\"hidden\" name=\"php_start_time\" value=\"1777105570.81\" \/><input type=\"hidden\" name=\"js_end_time\" class=\"js_end_time\" value=\"\" \/><input type=\"hidden\" name=\"js_start_time\" class=\"js_start_time\" value=\"\" \/><div class=\"f12t\"><input type=\"hidden\" class=\"f12_timer\" name=\"f12_multiple_submission_protection\" value=\"$2y$10$nsQGOr1AaRlnxXu1czm8gOedTiWjBJ3GOkYJh\/c5OsCW0iPTj4LLi\"\/><\/div><input id=\"f12_captcha\" type=\"text\" style=\"visibility:hidden!important; opacity:1!important; height:0!important; width:0!important; margin:0!important; padding:0!important;\" name=\"f12_captcha\" value=\"\"\/><\/span><\/p><input class=\"wpcf7-form-control wpcf7-submit has-spinner\" type=\"submit\" value=\"Einreichen\" \/>\n\t\t<\/p>\n\t<\/div>\n<\/div><div class=\"wpcf7-response-output\" aria-hidden=\"true\"><\/div>\n<input type=\"hidden\" name=\"trp-form-language\" value=\"en\"\/><\/form>\n<\/div>\n<\/div>\n\t\t\t\t\t\t<\/div>\n\t\t\t\t<\/div>\n\t\t\t\t\t<\/div>\n\t\t\t\t<\/div>\n\t\t\t\t<\/div>","protected":false},"excerpt":{"rendered":"<p>Reservierungsanfrage im City Residence Hotel Frankfurt-Oder Sehr geehrte G\u00e4ste, unsere Preise sind dynamische Preise und variieren je nach Auslastung. Gerne erstellen wir Ihnen ein Buchungsangebot, mit dem gew\u00fcnschten Reisezeitraum, Zimmerkategorie, Arrangements usw. Sollte die von Ihnen gew\u00e4hlte Zimmerkategorie im gew\u00e4hlten Reisezeitraum nicht mehr verf\u00fcgbar sein, erhalten Sie von uns automatisch ein Buchungsangebot in der n\u00e4chst [&hellip;]<\/p>","protected":false},"author":2,"featured_media":0,"parent":0,"menu_order":0,"comment_status":"closed","ping_status":"closed","template":"elementor_theme","meta":{"footnotes":""},"class_list":["post-3106","page","type-page","status-publish","hentry"],"yoast_head":"<!-- This site is optimized with the Yoast SEO plugin v26.3 - https:\/\/yoast.com\/wordpress\/plugins\/seo\/ -->\n<title>City Residence Hotel Frankfurt-Oder \u2013 Zentrale Lage &amp; Komfort<\/title>\n<meta name=\"description\" content=\"City Residence Hotel Frankfurt-Oder \u2013 direkt am Bahnhof! Zentrale Lage, komfortable Zimmer &amp; top Service. Perfekt f\u00fcr Gesch\u00e4ftsreisende &amp; Touristen\" \/>\n<meta name=\"robots\" content=\"index, follow, max-snippet:-1, max-image-preview:large, max-video-preview:-1\" \/>\n<link rel=\"canonical\" href=\"https:\/\/hotel-city-residence.de\/en\/reservierung\/\" \/>\n<meta property=\"og:locale\" content=\"en_US\" \/>\n<meta property=\"og:type\" content=\"article\" \/>\n<meta property=\"og:title\" content=\"City Residence Hotel Frankfurt-Oder \u2013 Zentrale Lage &amp; Komfort\" \/>\n<meta property=\"og:description\" content=\"City Residence Hotel Frankfurt-Oder \u2013 direkt am Bahnhof! Zentrale Lage, komfortable Zimmer &amp; top Service. Perfekt f\u00fcr Gesch\u00e4ftsreisende &amp; Touristen\" \/>\n<meta property=\"og:url\" content=\"https:\/\/hotel-city-residence.de\/en\/reservierung\/\" \/>\n<meta property=\"og:site_name\" content=\"Hotel City Residence\" \/>\n<meta property=\"article:publisher\" content=\"https:\/\/www.facebook.com\/cityhotelfrankfurtoder\" \/>\n<meta property=\"article:modified_time\" content=\"2024-03-01T07:42:07+00:00\" \/>\n<meta name=\"twitter:card\" content=\"summary_large_image\" \/>\n<meta name=\"twitter:label1\" content=\"Est. reading time\" \/>\n\t<meta name=\"twitter:data1\" content=\"1 minute\" \/>\n<script type=\"application\/ld+json\" class=\"yoast-schema-graph\">{\"@context\":\"https:\/\/schema.org\",\"@graph\":[{\"@type\":\"WebPage\",\"@id\":\"https:\/\/hotel-city-residence.de\/en\/reservierung\/\",\"url\":\"https:\/\/hotel-city-residence.de\/en\/reservierung\/\",\"name\":\"City Residence Hotel Frankfurt-Oder \u2013 Zentrale Lage & Komfort\",\"isPartOf\":{\"@id\":\"https:\/\/hotel-city-residence.de\/#website\"},\"datePublished\":\"2024-02-14T16:36:29+00:00\",\"dateModified\":\"2024-03-01T07:42:07+00:00\",\"description\":\"City Residence Hotel Frankfurt-Oder \u2013 direkt am Bahnhof! Zentrale Lage, komfortable Zimmer & top Service. Perfekt f\u00fcr Gesch\u00e4ftsreisende & Touristen\",\"breadcrumb\":{\"@id\":\"https:\/\/hotel-city-residence.de\/en\/reservierung\/#breadcrumb\"},\"inLanguage\":\"en-US\",\"potentialAction\":[{\"@type\":\"ReadAction\",\"target\":[\"https:\/\/hotel-city-residence.de\/en\/reservierung\/\"]}]},{\"@type\":\"BreadcrumbList\",\"@id\":\"https:\/\/hotel-city-residence.de\/en\/reservierung\/#breadcrumb\",\"itemListElement\":[{\"@type\":\"ListItem\",\"position\":1,\"name\":\"Startseite\",\"item\":\"https:\/\/hotel-city-residence.de\/\"},{\"@type\":\"ListItem\",\"position\":2,\"name\":\"Reservierung\"}]},{\"@type\":\"WebSite\",\"@id\":\"https:\/\/hotel-city-residence.de\/#website\",\"url\":\"https:\/\/hotel-city-residence.de\/\",\"name\":\"Hotel City Residence Frankfurt-Oder\",\"description\":\"G\u00fcnstiges Hotel Frankfurt-Oder \u2013 City Hotels n\u00e4he Bahnhof und Zentrum\",\"publisher\":{\"@id\":\"https:\/\/hotel-city-residence.de\/#organization\"},\"potentialAction\":[{\"@type\":\"SearchAction\",\"target\":{\"@type\":\"EntryPoint\",\"urlTemplate\":\"https:\/\/hotel-city-residence.de\/?s={search_term_string}\"},\"query-input\":{\"@type\":\"PropertyValueSpecification\",\"valueRequired\":true,\"valueName\":\"search_term_string\"}}],\"inLanguage\":\"en-US\"},{\"@type\":\"Organization\",\"@id\":\"https:\/\/hotel-city-residence.de\/#organization\",\"name\":\"Hotel City Residence Frankfurt-Oder\",\"url\":\"https:\/\/hotel-city-residence.de\/\",\"logo\":{\"@type\":\"ImageObject\",\"inLanguage\":\"en-US\",\"@id\":\"https:\/\/hotel-city-residence.de\/#\/schema\/logo\/image\/\",\"url\":\"https:\/\/hotel-city-residence.de\/wp-content\/uploads\/2020\/02\/Hotel-city-logo-1.png\",\"contentUrl\":\"https:\/\/hotel-city-residence.de\/wp-content\/uploads\/2020\/02\/Hotel-city-logo-1.png\",\"width\":300,\"height\":120,\"caption\":\"Hotel City Residence Frankfurt-Oder\"},\"image\":{\"@id\":\"https:\/\/hotel-city-residence.de\/#\/schema\/logo\/image\/\"},\"sameAs\":[\"https:\/\/www.facebook.com\/cityhotelfrankfurtoder\"]}]}<\/script>\n<!-- \/ Yoast SEO plugin. -->","yoast_head_json":{"title":"City Residence Hotel Frankfurt-Oder \u2013 Zentrale Lage & Komfort","description":"City Residence Hotel Frankfurt-Oder \u2013 direkt am Bahnhof! Zentrale Lage, komfortable Zimmer & top Service. Perfekt f\u00fcr Gesch\u00e4ftsreisende & Touristen","robots":{"index":"index","follow":"follow","max-snippet":"max-snippet:-1","max-image-preview":"max-image-preview:large","max-video-preview":"max-video-preview:-1"},"canonical":"https:\/\/hotel-city-residence.de\/en\/reservierung\/","og_locale":"en_US","og_type":"article","og_title":"City Residence Hotel Frankfurt-Oder \u2013 Zentrale Lage & Komfort","og_description":"City Residence Hotel Frankfurt-Oder \u2013 direkt am Bahnhof! Zentrale Lage, komfortable Zimmer & top Service. Perfekt f\u00fcr Gesch\u00e4ftsreisende & Touristen","og_url":"https:\/\/hotel-city-residence.de\/en\/reservierung\/","og_site_name":"Hotel City Residence","article_publisher":"https:\/\/www.facebook.com\/cityhotelfrankfurtoder","article_modified_time":"2024-03-01T07:42:07+00:00","twitter_card":"summary_large_image","twitter_misc":{"Est. reading time":"1 minute"},"schema":{"@context":"https:\/\/schema.org","@graph":[{"@type":"WebPage","@id":"https:\/\/hotel-city-residence.de\/en\/reservierung\/","url":"https:\/\/hotel-city-residence.de\/en\/reservierung\/","name":"City Residence Hotel Frankfurt-Oder \u2013 Zentrale Lage & Komfort","isPartOf":{"@id":"https:\/\/hotel-city-residence.de\/#website"},"datePublished":"2024-02-14T16:36:29+00:00","dateModified":"2024-03-01T07:42:07+00:00","description":"City Residence Hotel Frankfurt-Oder \u2013 direkt am Bahnhof! Zentrale Lage, komfortable Zimmer & top Service. Perfekt f\u00fcr Gesch\u00e4ftsreisende & Touristen","breadcrumb":{"@id":"https:\/\/hotel-city-residence.de\/en\/reservierung\/#breadcrumb"},"inLanguage":"en-US","potentialAction":[{"@type":"ReadAction","target":["https:\/\/hotel-city-residence.de\/en\/reservierung\/"]}]},{"@type":"BreadcrumbList","@id":"https:\/\/hotel-city-residence.de\/en\/reservierung\/#breadcrumb","itemListElement":[{"@type":"ListItem","position":1,"name":"Startseite","item":"https:\/\/hotel-city-residence.de\/"},{"@type":"ListItem","position":2,"name":"Reservierung"}]},{"@type":"WebSite","@id":"https:\/\/hotel-city-residence.de\/#website","url":"https:\/\/hotel-city-residence.de\/","name":"Hotel City Residence Frankfurt-Oder","description":"G\u00fcnstiges Hotel Frankfurt-Oder \u2013 City Hotels n\u00e4he Bahnhof und Zentrum","publisher":{"@id":"https:\/\/hotel-city-residence.de\/#organization"},"potentialAction":[{"@type":"SearchAction","target":{"@type":"EntryPoint","urlTemplate":"https:\/\/hotel-city-residence.de\/?s={search_term_string}"},"query-input":{"@type":"PropertyValueSpecification","valueRequired":true,"valueName":"search_term_string"}}],"inLanguage":"en-US"},{"@type":"Organization","@id":"https:\/\/hotel-city-residence.de\/#organization","name":"Hotel City Residence Frankfurt-Oder","url":"https:\/\/hotel-city-residence.de\/","logo":{"@type":"ImageObject","inLanguage":"en-US","@id":"https:\/\/hotel-city-residence.de\/#\/schema\/logo\/image\/","url":"https:\/\/hotel-city-residence.de\/wp-content\/uploads\/2020\/02\/Hotel-city-logo-1.png","contentUrl":"https:\/\/hotel-city-residence.de\/wp-content\/uploads\/2020\/02\/Hotel-city-logo-1.png","width":300,"height":120,"caption":"Hotel City Residence Frankfurt-Oder"},"image":{"@id":"https:\/\/hotel-city-residence.de\/#\/schema\/logo\/image\/"},"sameAs":["https:\/\/www.facebook.com\/cityhotelfrankfurtoder"]}]}},"_links":{"self":[{"href":"https:\/\/hotel-city-residence.de\/en\/wp-json\/wp\/v2\/pages\/3106","targetHints":{"allow":["GET"]}}],"collection":[{"href":"https:\/\/hotel-city-residence.de\/en\/wp-json\/wp\/v2\/pages"}],"about":[{"href":"https:\/\/hotel-city-residence.de\/en\/wp-json\/wp\/v2\/types\/page"}],"author":[{"embeddable":true,"href":"https:\/\/hotel-city-residence.de\/en\/wp-json\/wp\/v2\/users\/2"}],"replies":[{"embeddable":true,"href":"https:\/\/hotel-city-residence.de\/en\/wp-json\/wp\/v2\/comments?post=3106"}],"version-history":[{"count":58,"href":"https:\/\/hotel-city-residence.de\/en\/wp-json\/wp\/v2\/pages\/3106\/revisions"}],"predecessor-version":[{"id":4972,"href":"https:\/\/hotel-city-residence.de\/en\/wp-json\/wp\/v2\/pages\/3106\/revisions\/4972"}],"wp:attachment":[{"href":"https:\/\/hotel-city-residence.de\/en\/wp-json\/wp\/v2\/media?parent=3106"}],"curies":[{"name":"wp","href":"https:\/\/api.w.org\/{rel}","templated":true}]}}